{"id":1407,"date":"2021-04-27T18:27:11","date_gmt":"2021-04-27T18:27:11","guid":{"rendered":"https:\/\/teste.danielsantosphoto.com\/?page_id=1407"},"modified":"2025-04-21T09:20:33","modified_gmt":"2025-04-21T09:20:33","slug":"prints","status":"publish","type":"page","link":"https:\/\/danielsantosphoto.com\/pt\/prints\/","title":{"rendered":"Impress\u00f5es"},"content":{"rendered":"<div data-elementor-type=\"wp-page\" data-elementor-id=\"1407\" class=\"elementor elementor-1407\" data-elementor-settings=\"{&quot;ha_cmc_init_switcher&quot;:&quot;no&quot;}\">\n\t\t\t\t<div class=\"elementor-element elementor-element-56113bf e-con-full e-flex e-con e-parent\" data-id=\"56113bf\" data-element_type=\"container\" data-e-type=\"container\" data-settings=\"{&quot;background_background&quot;:&quot;classic&quot;,&quot;animation_tablet&quot;:&quot;none&quot;}\">\n\t\t<div class=\"elementor-element elementor-element-0a1c472 animated-slow e-con-full e-flex elementor-invisible e-con e-child\" data-id=\"0a1c472\" data-element_type=\"container\" data-e-type=\"container\" data-settings=\"{&quot;animation&quot;:&quot;slideInDown&quot;,&quot;animation_mobile&quot;:&quot;none&quot;,&quot;_ha_eqh_enable&quot;:false}\">\n\t\t\t\t<div class=\"elementor-element elementor-element-e516bf7 elementor-widget__width-initial elementor-widget elementor-widget-heading\" data-id=\"e516bf7\" data-element_type=\"widget\" data-e-type=\"widget\" data-widget_type=\"heading.default\">\n\t\t\t\t<div class=\"elementor-widget-container\">\n\t\t\t\t\t<h2 class=\"elementor-heading-title elementor-size-default\">IMPRESS\u00d5ES FINE ART<\/h2>\t\t\t\t<\/div>\n\t\t\t\t<\/div>\n\t\t\t\t<div class=\"elementor-element elementor-element-38d521a elementor-align--mobilecenter elementor-align-center elementor-widget elementor-widget-elementskit-button\" data-id=\"38d521a\" data-element_type=\"widget\" data-e-type=\"widget\" data-widget_type=\"elementskit-button.default\">\n\t\t\t\t<div class=\"elementor-widget-container\">\n\t\t\t\t\t<div class=\"ekit-wid-con\" >\t\t<div class=\"ekit-btn-wraper\">\n\t\t\t\t\t\t\t<a href=\"#\" class=\"elementskit-btn  whitespace--normal\" id=\"\">\n\t\t\t\t\t<i class=\"fas fa-angle-double-down\"><\/i>Descer\t\t\t\t<\/a>\n\t\t\t\t\t<\/div>\n        <\/div>\t\t\t\t<\/div>\n\t\t\t\t<\/div>\n\t\t\t\t<\/div>\n\t\t\t\t<\/div>\n\t\t<div class=\"elementor-element elementor-element-9914e76 e-con-full e-flex e-con e-parent\" data-id=\"9914e76\" data-element_type=\"container\" data-e-type=\"container\" data-settings=\"{&quot;_ha_eqh_enable&quot;:false}\">\n\t\t<div class=\"elementor-element elementor-element-3e1d908 e-con-full e-flex e-con e-child\" data-id=\"3e1d908\" data-element_type=\"container\" data-e-type=\"container\" data-settings=\"{&quot;_ha_eqh_enable&quot;:false}\">\n\t\t\t\t<div class=\"elementor-element elementor-element-cd26fad elementor-widget elementor-widget-spacer\" data-id=\"cd26fad\" data-element_type=\"widget\" data-e-type=\"widget\" data-widget_type=\"spacer.default\">\n\t\t\t\t<div class=\"elementor-widget-container\">\n\t\t\t\t\t\t\t<div class=\"elementor-spacer\">\n\t\t\t<div class=\"elementor-spacer-inner\"><\/div>\n\t\t<\/div>\n\t\t\t\t\t\t<\/div>\n\t\t\t\t<\/div>\n\t\t\t\t<div class=\"elementor-element elementor-element-8dbf9cf elementor-widget elementor-widget-heading\" data-id=\"8dbf9cf\" data-element_type=\"widget\" data-e-type=\"widget\" data-widget_type=\"heading.default\">\n\t\t\t\t<div class=\"elementor-widget-container\">\n\t\t\t\t\t<h2 class=\"elementor-heading-title elementor-size-default\">Est\u00e1 interessado numa das minhas impress\u00f5es Fine Art?<\/h2>\t\t\t\t<\/div>\n\t\t\t\t<\/div>\n\t\t\t\t<div class=\"elementor-element elementor-element-a3cfb5c elementor-widget-divider--view-line elementor-widget elementor-widget-divider\" data-id=\"a3cfb5c\" data-element_type=\"widget\" data-e-type=\"widget\" data-widget_type=\"divider.default\">\n\t\t\t\t<div class=\"elementor-widget-container\">\n\t\t\t\t\t\t\t<div class=\"elementor-divider\">\n\t\t\t<span class=\"elementor-divider-separator\">\n\t\t\t\t\t\t<\/span>\n\t\t<\/div>\n\t\t\t\t\t\t<\/div>\n\t\t\t\t<\/div>\n\t\t\t\t<\/div>\n\t\t\t\t<\/div>\n\t\t<div class=\"elementor-element elementor-element-0561a1a e-flex e-con-boxed e-con e-parent\" data-id=\"0561a1a\" data-element_type=\"container\" data-e-type=\"container\" data-settings=\"{&quot;_ha_eqh_enable&quot;:false}\">\n\t\t\t\t\t<div class=\"e-con-inner\">\n\t\t<div class=\"elementor-element elementor-element-bd077f5 e-con-full e-flex e-con e-child\" data-id=\"bd077f5\" data-element_type=\"container\" data-e-type=\"container\" data-settings=\"{&quot;_ha_eqh_enable&quot;:false}\">\n\t\t\t\t<div class=\"elementor-element elementor-element-58dfd9c elementor-widget elementor-widget-text-editor\" data-id=\"58dfd9c\" data-element_type=\"widget\" data-e-type=\"widget\" data-widget_type=\"text-editor.default\">\n\t\t\t\t<div class=\"elementor-widget-container\">\n\t\t\t\t\t\t\t\t\t<p>Todas as minhas imagens est\u00e3o dispon\u00edveis para compra como impress\u00e3o Fine Art em edi\u00e7\u00f5es limitadas de 10 c\u00f3pias, para cada tamanho dispon\u00edvel. S\u00e3o\u00a0<span style=\"font-style: inherit; font-weight: inherit; font-family: var( --e-global-typography-text-font-family ), Sans-serif;\">are produced on 100% cotton, acid free <\/span><strong style=\"font-style: inherit; font-family: var( --e-global-typography-text-font-family ), Sans-serif;\">Hahnemuhle Photo Rag 308g,<\/strong><span style=\"font-style: inherit; font-weight: inherit; font-family: var( --e-global-typography-text-font-family ), Sans-serif;\"> de qualidade profissional. Este papel cumpre os mais elevados padr\u00f5es da ind\u00fastria no que diz respeito \u00e0 densidade, gama de cores, gradua\u00e7\u00e3o da cor e nitidez da imagem.\u00a0<\/span>All the prints are hand signed and numbered.<span style=\"font-family: var( --e-global-typography-text-font-family ), Sans-serif; font-style: inherit; font-weight: inherit;\">\u00a0<\/span><\/p><p><span style=\"font-style: inherit; font-weight: inherit; font-family: var( --e-global-typography-text-font-family ), Sans-serif;\">Os tamanhos dispon\u00edveis s\u00e3o:\u00a0<br \/>&#8211; 50&#215;33 cm<br \/>&#8211; 70&#215;46 cm<br \/>&#8211; 90&#215;60 cm<\/span><\/p>\t\t\t\t\t\t\t\t<\/div>\n\t\t\t\t<\/div>\n\t\t\t\t<\/div>\n\t\t\t\t\t<\/div>\n\t\t\t\t<\/div>\n\t\t<div class=\"elementor-element elementor-element-706c5b6 e-flex e-con-boxed e-con e-parent\" data-id=\"706c5b6\" data-element_type=\"container\" data-e-type=\"container\" data-settings=\"{&quot;_ha_eqh_enable&quot;:false}\">\n\t\t\t\t\t<div class=\"e-con-inner\">\n\t\t<div class=\"elementor-element elementor-element-3e1f406 e-con-full e-flex e-con e-child\" data-id=\"3e1f406\" data-element_type=\"container\" data-e-type=\"container\" data-settings=\"{&quot;_ha_eqh_enable&quot;:false}\">\n\t\t\t\t<div class=\"elementor-element elementor-element-a33f73d elementor-widget elementor-widget-image\" data-id=\"a33f73d\" data-element_type=\"widget\" data-e-type=\"widget\" data-widget_type=\"image.default\">\n\t\t\t\t<div class=\"elementor-widget-container\">\n\t\t\t\t\t\t\t\t\t\t\t\t\t\t\t<img fetchpriority=\"high\" decoding=\"async\" width=\"1200\" height=\"800\" src=\"https:\/\/danielsantosphoto.com\/wp-content\/uploads\/2024\/01\/print_wall_mockup-scaled.jpg\" class=\"attachment-large size-large wp-image-3886\" alt=\"\" srcset=\"https:\/\/danielsantosphoto.com\/wp-content\/uploads\/2024\/01\/print_wall_mockup-scaled.jpg 2560w, https:\/\/danielsantosphoto.com\/wp-content\/uploads\/2024\/01\/print_wall_mockup-300x200.jpg 300w, https:\/\/danielsantosphoto.com\/wp-content\/uploads\/2024\/01\/print_wall_mockup-768x512.jpg 768w, https:\/\/danielsantosphoto.com\/wp-content\/uploads\/2024\/01\/print_wall_mockup-1536x1024.jpg 1536w, https:\/\/danielsantosphoto.com\/wp-content\/uploads\/2024\/01\/print_wall_mockup-2048x1365.jpg 2048w\" sizes=\"(max-width: 1200px) 100vw, 1200px\" \/>\t\t\t\t\t\t\t\t\t\t\t\t\t\t\t<\/div>\n\t\t\t\t<\/div>\n\t\t\t\t<\/div>\n\t\t\t\t\t<\/div>\n\t\t\t\t<\/div>\n\t\t<div class=\"elementor-element elementor-element-100a72b e-con-full e-flex e-con e-parent\" data-id=\"100a72b\" data-element_type=\"container\" data-e-type=\"container\" data-settings=\"{&quot;_ha_eqh_enable&quot;:false}\">\n\t\t<div class=\"elementor-element elementor-element-0e07876 e-con-full e-flex e-con e-child\" data-id=\"0e07876\" data-element_type=\"container\" data-e-type=\"container\" data-settings=\"{&quot;_ha_eqh_enable&quot;:false}\">\n\t\t\t\t<div class=\"elementor-element elementor-element-148f621 elementor-widget elementor-widget-text-editor\" data-id=\"148f621\" data-element_type=\"widget\" data-e-type=\"widget\" data-widget_type=\"text-editor.default\">\n\t\t\t\t<div class=\"elementor-widget-container\">\n\t\t\t\t\t\t\t\t\t<p style=\"text-align: center;\"><span style=\"font-family: var( --e-global-typography-text-font-family ), Sans-serif; font-style: inherit; font-weight: inherit;\">N\u00e3o hesite em contactar-me para mais informa\u00e7\u00f5es<\/span><\/p>\t\t\t\t\t\t\t\t<\/div>\n\t\t\t\t<\/div>\n\t\t\t\t<div class=\"elementor-element elementor-element-3ea1c04 elementor-align-center elementor-widget elementor-widget-button\" data-id=\"3ea1c04\" data-element_type=\"widget\" data-e-type=\"widget\" data-widget_type=\"button.default\">\n\t\t\t\t<div class=\"elementor-widget-container\">\n\t\t\t\t\t\t\t\t\t<div class=\"elementor-button-wrapper\">\n\t\t\t\t\t<a class=\"elementor-button elementor-button-link elementor-size-sm\" href=\"https:\/\/danielsantosphoto.com\/pt\/contact\/\">\n\t\t\t\t\t\t<span class=\"elementor-button-content-wrapper\">\n\t\t\t\t\t\t\t\t\t<span class=\"elementor-button-text\">Contacte-me<\/span>\n\t\t\t\t\t<\/span>\n\t\t\t\t\t<\/a>\n\t\t\t\t<\/div>\n\t\t\t\t\t\t\t\t<\/div>\n\t\t\t\t<\/div>\n\t\t\t\t<\/div>\n\t\t\t\t<\/div>\n\t\t<div class=\"elementor-element elementor-element-ba85332 e-con-full e-flex e-con e-parent\" data-id=\"ba85332\" data-element_type=\"container\" data-e-type=\"container\" data-settings=\"{&quot;_ha_eqh_enable&quot;:false}\">\n\t\t<div class=\"elementor-element elementor-element-040c8cd e-con-full e-flex e-con e-child\" data-id=\"040c8cd\" data-element_type=\"container\" data-e-type=\"container\" data-settings=\"{&quot;_ha_eqh_enable&quot;:false}\">\n\t\t\t\t<div class=\"elementor-element elementor-element-be154a0 elementor-widget-tablet__width-initial elementor-widget elementor-widget-heading\" data-id=\"be154a0\" data-element_type=\"widget\" data-e-type=\"widget\" data-widget_type=\"heading.default\">\n\t\t\t\t<div class=\"elementor-widget-container\">\n\t\t\t\t\t<h2 class=\"elementor-heading-title elementor-size-default\">Perguntas Frequentes<\/h2>\t\t\t\t<\/div>\n\t\t\t\t<\/div>\n\t\t\t\t<div class=\"elementor-element elementor-element-4042f1f elementor-widget-divider--view-line elementor-widget elementor-widget-divider\" data-id=\"4042f1f\" data-element_type=\"widget\" data-e-type=\"widget\" data-widget_type=\"divider.default\">\n\t\t\t\t<div class=\"elementor-widget-container\">\n\t\t\t\t\t\t\t<div class=\"elementor-divider\">\n\t\t\t<span class=\"elementor-divider-separator\">\n\t\t\t\t\t\t<\/span>\n\t\t<\/div>\n\t\t\t\t\t\t<\/div>\n\t\t\t\t<\/div>\n\t\t\t\t<\/div>\n\t\t\t\t<\/div>\n\t\t<div class=\"elementor-element elementor-element-c789573 e-flex e-con-boxed e-con e-parent\" data-id=\"c789573\" data-element_type=\"container\" data-e-type=\"container\" data-settings=\"{&quot;_ha_eqh_enable&quot;:false}\">\n\t\t\t\t\t<div class=\"e-con-inner\">\n\t\t<div class=\"elementor-element elementor-element-2d9779b e-con-full e-flex e-con e-child\" data-id=\"2d9779b\" data-element_type=\"container\" data-e-type=\"container\" data-settings=\"{&quot;_ha_eqh_enable&quot;:false}\">\n\t\t\t\t<div class=\"elementor-element elementor-element-d1aa2a7 elementor-widget elementor-widget-text-editor\" data-id=\"d1aa2a7\" data-element_type=\"widget\" data-e-type=\"widget\" data-widget_type=\"text-editor.default\">\n\t\t\t\t<div class=\"elementor-widget-container\">\n\t\t\t\t\t\t\t\t\t<p><strong>Como Encomendar uma Impress\u00e3o<\/strong><br \/>Para encomendar uma impress\u00e3o, basta enviar-me um e-mail com a indica\u00e7\u00e3o da imagem e do tamanho que pretende comprar.<\/p><p><strong>Pagamento<br \/><\/strong>O pagamento pode ser efectuado via Paypal ou transfer\u00eancia banc\u00e1ria. A sua encomenda ser\u00e1 processada ap\u00f3s a confirma\u00e7\u00e3o do pagamento.<\/p><p><strong>Custos de Envio<\/strong><br \/>Ao pre\u00e7o da impress\u00e3o acrescem os custos de envio, que dependem do tamanho e do peso da sua encomenda e do local de envio.<\/p><p><strong>Envio para Todo o Mundo<\/strong><br \/>Enviamos para todo o mundo e o prazo de entrega pode variar consoante o tamanho do produto, a \u00e9poca do ano e o local de envio.<\/p><p><strong>Embalagem<\/strong><br \/>A sua impress\u00e3o ser\u00e1 enrolada e enviada num tubo de cart\u00e3o resistente e protetor. No entanto, se a sua impress\u00e3o chegar danificada, envie um e-mail para danielsantosphotography@gmail.com, com uma imagem e uma descri\u00e7\u00e3o do problema. O reembolso ou a substitui\u00e7\u00e3o do produto s\u00f3 ser\u00e1 efectuado se a impress\u00e3o for danificada durante o processo de envio e se o problema for comunicado no prazo m\u00e1ximo de 15 dias ap\u00f3s a entrega. Tenha em aten\u00e7\u00e3o que apenas substitu\u00edmos as impress\u00f5es danificadas por uma r\u00e9plica da mesma encomenda.<\/p><p><strong>Informa\u00e7\u00f5es Legais<\/strong><br \/>Os produtos limitados s\u00e3o limitados apenas no formato de impress\u00e3o, reservando o fot\u00f3grafo o direito de reproduzir estas imagens para utiliza\u00e7\u00e3o em calend\u00e1rios, cart\u00f5es, livros, exposi\u00e7\u00f5es e quaisquer outros produtos com fins promocionais. Embora todos os esfor\u00e7os sejam feitos para garantir que as dimens\u00f5es das impress\u00f5es correspondem ao especificado acima, podem ocorrer pequenas varia\u00e7\u00f5es, porque cada impress\u00e3o \u00e9 produzida individualmente e algumas podem ser cortadas manualmente.<\/p><p><strong>Mias Informa\u00e7\u00f5es<\/strong><br \/>Se tiver mais alguma quest\u00e3o, n\u00e3o hesite em contactar-me.<\/p>\t\t\t\t\t\t\t\t<\/div>\n\t\t\t\t<\/div>\n\t\t\t\t<\/div>\n\t\t\t\t\t<\/div>\n\t\t\t\t<\/div>\n\t\t\t\t<\/div>","protected":false},"excerpt":{"rendered":"<p>fine art PRINTS SCROLL DOWN are you interested in one of my fine art prints? All my images are availale for purchase as fine art prints as limited editions of 10 copies, for each size available. They\u00a0are produced on 100% cotton, acid free Hahnemuhle Photo Rag 308g paper\u00a0 of professional &#8220;fine art&#8221; quality. This paper [&hellip;]<\/p>\n","protected":false},"author":1,"featured_media":0,"parent":0,"menu_order":0,"comment_status":"closed","ping_status":"closed","template":"","meta":{"site-sidebar-layout":"no-sidebar","site-content-layout":"page-builder","ast-site-content-layout":"default","site-content-style":"default","site-sidebar-style":"default","ast-global-header-display":"","ast-banner-title-visibility":"","ast-main-header-display":"","ast-hfb-above-header-display":"","ast-hfb-below-header-display":"","ast-hfb-mobile-header-display":"","site-post-title":"disabled","ast-breadcrumbs-content":"","ast-featured-img":"disabled","footer-sml-layout":"","ast-disable-related-posts":"","theme-transparent-header-meta":"default","adv-header-id-meta":"","stick-header-meta":"","header-above-stick-meta":"","header-main-stick-meta":"","header-below-stick-meta":"","astra-migrate-meta-layouts":"default","ast-page-background-enabled":"default","ast-page-background-meta":{"desktop":{"background-color":"","background-image":"","background-repeat":"repeat","background-position":"center center","background-size":"auto","background-attachment":"scroll","background-type":"","background-media":"","overlay-type":"","overlay-color":"","overlay-opacity":"","overlay-gradient":""},"tablet":{"background-color":"","background-image":"","background-repeat":"repeat","background-position":"center center","background-size":"auto","background-attachment":"scroll","background-type":"","background-media":"","overlay-type":"","overlay-color":"","overlay-opacity":"","overlay-gradient":""},"mobile":{"background-color":"","background-image":"","background-repeat":"repeat","background-position":"center center","background-size":"auto","background-attachment":"scroll","background-type":"","background-media":"","overlay-type":"","overlay-color":"","overlay-opacity":"","overlay-gradient":""}},"ast-content-background-meta":{"desktop":{"background-color":"var(--ast-global-color-5)","background-image":"","background-repeat":"repeat","background-position":"center center","background-size":"auto","background-attachment":"scroll","background-type":"","background-media":"","overlay-type":"","overlay-color":"","overlay-opacity":"","overlay-gradient":""},"tablet":{"background-color":"var(--ast-global-color-5)","background-image":"","background-repeat":"repeat","background-position":"center center","background-size":"auto","background-attachment":"scroll","background-type":"","background-media":"","overlay-type":"","overlay-color":"","overlay-opacity":"","overlay-gradient":""},"mobile":{"background-color":"var(--ast-global-color-5)","background-image":"","background-repeat":"repeat","background-position":"center center","background-size":"auto","background-attachment":"scroll","background-type":"","background-media":"","overlay-type":"","overlay-color":"","overlay-opacity":"","overlay-gradient":""}},"iawp_total_views":85,"_glsr_average":0,"_glsr_ranking":0,"_glsr_reviews":0,"footnotes":""},"class_list":["post-1407","page","type-page","status-publish","hentry"],"yoast_head":"<!-- This site is optimized with the Yoast SEO plugin v27.4 - https:\/\/yoast.com\/product\/yoast-seo-wordpress\/ -->\n<title>Prints - Daniel Santos<\/title>\n<meta name=\"robots\" content=\"index, follow, max-snippet:-1, max-image-preview:large, max-video-preview:-1\" \/>\n<link rel=\"canonical\" href=\"https:\/\/danielsantosphoto.com\/pt\/prints\/\" \/>\n<meta property=\"og:locale\" content=\"pt_PT\" \/>\n<meta property=\"og:type\" content=\"article\" \/>\n<meta property=\"og:title\" content=\"Prints - Daniel Santos\" \/>\n<meta property=\"og:description\" content=\"fine art PRINTS SCROLL DOWN are you interested in one of my fine art prints? All my images are availale for purchase as fine art prints as limited editions of 10 copies, for each size available. They\u00a0are produced on 100% cotton, acid free Hahnemuhle Photo Rag 308g paper\u00a0 of professional &#8220;fine art&#8221; quality. This paper [&hellip;]\" \/>\n<meta property=\"og:url\" content=\"https:\/\/danielsantosphoto.com\/pt\/prints\/\" \/>\n<meta property=\"og:site_name\" content=\"Daniel Santos\" \/>\n<meta property=\"article:publisher\" content=\"https:\/\/www.facebook.com\/danielsantosphoto\" \/>\n<meta property=\"article:modified_time\" content=\"2025-04-21T09:20:33+00:00\" \/>\n<meta property=\"og:image\" content=\"https:\/\/danielsantosphoto.com\/wp-content\/uploads\/2024\/01\/print_wall_mockup-scaled.jpg\" \/>\n\t<meta property=\"og:image:width\" content=\"2560\" \/>\n\t<meta property=\"og:image:height\" content=\"1707\" \/>\n\t<meta property=\"og:image:type\" content=\"image\/jpeg\" \/>\n<meta name=\"twitter:card\" content=\"summary_large_image\" \/>\n<meta name=\"twitter:label1\" content=\"Tempo estimado de leitura\" \/>\n\t<meta name=\"twitter:data1\" content=\"2 minutos\" \/>\n<script type=\"application\/ld+json\" class=\"yoast-schema-graph\">{\"@context\":\"https:\\\/\\\/schema.org\",\"@graph\":[{\"@type\":\"WebPage\",\"@id\":\"https:\\\/\\\/danielsantosphoto.com\\\/prints\\\/\",\"url\":\"https:\\\/\\\/danielsantosphoto.com\\\/prints\\\/\",\"name\":\"Prints - Daniel Santos\",\"isPartOf\":{\"@id\":\"https:\\\/\\\/danielsantosphoto.com\\\/#website\"},\"primaryImageOfPage\":{\"@id\":\"https:\\\/\\\/danielsantosphoto.com\\\/prints\\\/#primaryimage\"},\"image\":{\"@id\":\"https:\\\/\\\/danielsantosphoto.com\\\/prints\\\/#primaryimage\"},\"thumbnailUrl\":\"https:\\\/\\\/danielsantosphoto.com\\\/wp-content\\\/uploads\\\/2024\\\/01\\\/print_wall_mockup-scaled.jpg\",\"datePublished\":\"2021-04-27T18:27:11+00:00\",\"dateModified\":\"2025-04-21T09:20:33+00:00\",\"breadcrumb\":{\"@id\":\"https:\\\/\\\/danielsantosphoto.com\\\/prints\\\/#breadcrumb\"},\"inLanguage\":\"pt-PT\",\"potentialAction\":[{\"@type\":\"ReadAction\",\"target\":[\"https:\\\/\\\/danielsantosphoto.com\\\/prints\\\/\"]}]},{\"@type\":\"ImageObject\",\"inLanguage\":\"pt-PT\",\"@id\":\"https:\\\/\\\/danielsantosphoto.com\\\/prints\\\/#primaryimage\",\"url\":\"https:\\\/\\\/danielsantosphoto.com\\\/wp-content\\\/uploads\\\/2024\\\/01\\\/print_wall_mockup-scaled.jpg\",\"contentUrl\":\"https:\\\/\\\/danielsantosphoto.com\\\/wp-content\\\/uploads\\\/2024\\\/01\\\/print_wall_mockup-scaled.jpg\"},{\"@type\":\"BreadcrumbList\",\"@id\":\"https:\\\/\\\/danielsantosphoto.com\\\/prints\\\/#breadcrumb\",\"itemListElement\":[{\"@type\":\"ListItem\",\"position\":1,\"name\":\"Home\",\"item\":\"https:\\\/\\\/danielsantosphoto.com\\\/\"},{\"@type\":\"ListItem\",\"position\":2,\"name\":\"Prints\"}]},{\"@type\":\"WebSite\",\"@id\":\"https:\\\/\\\/danielsantosphoto.com\\\/#website\",\"url\":\"https:\\\/\\\/danielsantosphoto.com\\\/\",\"name\":\"Daniel Santos Photography\",\"description\":\"Nature Photographer &amp; Filmmaker\",\"publisher\":{\"@id\":\"https:\\\/\\\/danielsantosphoto.com\\\/#organization\"},\"potentialAction\":[{\"@type\":\"SearchAction\",\"target\":{\"@type\":\"EntryPoint\",\"urlTemplate\":\"https:\\\/\\\/danielsantosphoto.com\\\/?s={search_term_string}\"},\"query-input\":{\"@type\":\"PropertyValueSpecification\",\"valueRequired\":true,\"valueName\":\"search_term_string\"}}],\"inLanguage\":\"pt-PT\"},{\"@type\":\"Organization\",\"@id\":\"https:\\\/\\\/danielsantosphoto.com\\\/#organization\",\"name\":\"Daniel Santos Photography\",\"url\":\"https:\\\/\\\/danielsantosphoto.com\\\/\",\"logo\":{\"@type\":\"ImageObject\",\"inLanguage\":\"pt-PT\",\"@id\":\"https:\\\/\\\/danielsantosphoto.com\\\/#\\\/schema\\\/logo\\\/image\\\/\",\"url\":\"https:\\\/\\\/danielsantosphoto.com\\\/wp-content\\\/uploads\\\/2021\\\/04\\\/logo_salamandra_final_horizontal_250px-1.png\",\"contentUrl\":\"https:\\\/\\\/danielsantosphoto.com\\\/wp-content\\\/uploads\\\/2021\\\/04\\\/logo_salamandra_final_horizontal_250px-1.png\",\"width\":250,\"height\":53,\"caption\":\"Daniel Santos Photography\"},\"image\":{\"@id\":\"https:\\\/\\\/danielsantosphoto.com\\\/#\\\/schema\\\/logo\\\/image\\\/\"},\"sameAs\":[\"https:\\\/\\\/www.facebook.com\\\/danielsantosphoto\",\"https:\\\/\\\/www.instagram.com\\\/daniel_s_photo\\\/\",\"https:\\\/\\\/www.youtube.com\\\/channel\\\/UCEpW2rs3ovZQ4Z5nkazJAgw\"]}]}<\/script>\n<!-- \/ Yoast SEO plugin. -->","yoast_head_json":{"title":"Prints - Daniel Santos","robots":{"index":"index","follow":"follow","max-snippet":"max-snippet:-1","max-image-preview":"max-image-preview:large","max-video-preview":"max-video-preview:-1"},"canonical":"https:\/\/danielsantosphoto.com\/pt\/prints\/","og_locale":"pt_PT","og_type":"article","og_title":"Prints - Daniel Santos","og_description":"fine art PRINTS SCROLL DOWN are you interested in one of my fine art prints? All my images are availale for purchase as fine art prints as limited editions of 10 copies, for each size available. They\u00a0are produced on 100% cotton, acid free Hahnemuhle Photo Rag 308g paper\u00a0 of professional &#8220;fine art&#8221; quality. This paper [&hellip;]","og_url":"https:\/\/danielsantosphoto.com\/pt\/prints\/","og_site_name":"Daniel Santos","article_publisher":"https:\/\/www.facebook.com\/danielsantosphoto","article_modified_time":"2025-04-21T09:20:33+00:00","og_image":[{"width":2560,"height":1707,"url":"https:\/\/danielsantosphoto.com\/wp-content\/uploads\/2024\/01\/print_wall_mockup-scaled.jpg","type":"image\/jpeg"}],"twitter_card":"summary_large_image","twitter_misc":{"Tempo estimado de leitura":"2 minutos"},"schema":{"@context":"https:\/\/schema.org","@graph":[{"@type":"WebPage","@id":"https:\/\/danielsantosphoto.com\/prints\/","url":"https:\/\/danielsantosphoto.com\/prints\/","name":"Prints - Daniel Santos","isPartOf":{"@id":"https:\/\/danielsantosphoto.com\/#website"},"primaryImageOfPage":{"@id":"https:\/\/danielsantosphoto.com\/prints\/#primaryimage"},"image":{"@id":"https:\/\/danielsantosphoto.com\/prints\/#primaryimage"},"thumbnailUrl":"https:\/\/danielsantosphoto.com\/wp-content\/uploads\/2024\/01\/print_wall_mockup-scaled.jpg","datePublished":"2021-04-27T18:27:11+00:00","dateModified":"2025-04-21T09:20:33+00:00","breadcrumb":{"@id":"https:\/\/danielsantosphoto.com\/prints\/#breadcrumb"},"inLanguage":"pt-PT","potentialAction":[{"@type":"ReadAction","target":["https:\/\/danielsantosphoto.com\/prints\/"]}]},{"@type":"ImageObject","inLanguage":"pt-PT","@id":"https:\/\/danielsantosphoto.com\/prints\/#primaryimage","url":"https:\/\/danielsantosphoto.com\/wp-content\/uploads\/2024\/01\/print_wall_mockup-scaled.jpg","contentUrl":"https:\/\/danielsantosphoto.com\/wp-content\/uploads\/2024\/01\/print_wall_mockup-scaled.jpg"},{"@type":"BreadcrumbList","@id":"https:\/\/danielsantosphoto.com\/prints\/#breadcrumb","itemListElement":[{"@type":"ListItem","position":1,"name":"Home","item":"https:\/\/danielsantosphoto.com\/"},{"@type":"ListItem","position":2,"name":"Prints"}]},{"@type":"WebSite","@id":"https:\/\/danielsantosphoto.com\/#website","url":"https:\/\/danielsantosphoto.com\/","name":"Daniel Santos Photography","description":"Nature Photographer &amp; Filmmaker","publisher":{"@id":"https:\/\/danielsantosphoto.com\/#organization"},"potentialAction":[{"@type":"SearchAction","target":{"@type":"EntryPoint","urlTemplate":"https:\/\/danielsantosphoto.com\/?s={search_term_string}"},"query-input":{"@type":"PropertyValueSpecification","valueRequired":true,"valueName":"search_term_string"}}],"inLanguage":"pt-PT"},{"@type":"Organization","@id":"https:\/\/danielsantosphoto.com\/#organization","name":"Daniel Santos Photography","url":"https:\/\/danielsantosphoto.com\/","logo":{"@type":"ImageObject","inLanguage":"pt-PT","@id":"https:\/\/danielsantosphoto.com\/#\/schema\/logo\/image\/","url":"https:\/\/danielsantosphoto.com\/wp-content\/uploads\/2021\/04\/logo_salamandra_final_horizontal_250px-1.png","contentUrl":"https:\/\/danielsantosphoto.com\/wp-content\/uploads\/2021\/04\/logo_salamandra_final_horizontal_250px-1.png","width":250,"height":53,"caption":"Daniel Santos Photography"},"image":{"@id":"https:\/\/danielsantosphoto.com\/#\/schema\/logo\/image\/"},"sameAs":["https:\/\/www.facebook.com\/danielsantosphoto","https:\/\/www.instagram.com\/daniel_s_photo\/","https:\/\/www.youtube.com\/channel\/UCEpW2rs3ovZQ4Z5nkazJAgw"]}]}},"_links":{"self":[{"href":"https:\/\/danielsantosphoto.com\/pt\/wp-json\/wp\/v2\/pages\/1407","targetHints":{"allow":["GET"]}}],"collection":[{"href":"https:\/\/danielsantosphoto.com\/pt\/wp-json\/wp\/v2\/pages"}],"about":[{"href":"https:\/\/danielsantosphoto.com\/pt\/wp-json\/wp\/v2\/types\/page"}],"author":[{"embeddable":true,"href":"https:\/\/danielsantosphoto.com\/pt\/wp-json\/wp\/v2\/users\/1"}],"replies":[{"embeddable":true,"href":"https:\/\/danielsantosphoto.com\/pt\/wp-json\/wp\/v2\/comments?post=1407"}],"version-history":[{"count":142,"href":"https:\/\/danielsantosphoto.com\/pt\/wp-json\/wp\/v2\/pages\/1407\/revisions"}],"predecessor-version":[{"id":6058,"href":"https:\/\/danielsantosphoto.com\/pt\/wp-json\/wp\/v2\/pages\/1407\/revisions\/6058"}],"wp:attachment":[{"href":"https:\/\/danielsantosphoto.com\/pt\/wp-json\/wp\/v2\/media?parent=1407"}],"curies":[{"name":"wp","href":"https:\/\/api.w.org\/{rel}","templated":true}]}}